{"id":8,"date":"2020-08-12T08:43:48","date_gmt":"2020-08-12T08:43:48","guid":{"rendered":"https:\/\/zirenamusic.com\/front-page\/"},"modified":"2021-10-31T21:40:34","modified_gmt":"2021-10-31T21:40:34","slug":"front-page","status":"publish","type":"page","link":"https:\/\/zirenamusic.com\/es\/","title":{"rendered":"Front page"},"content":{"rendered":"<div data-elementor-type=\"wp-page\" data-elementor-id=\"8\" class=\"elementor elementor-8\">\n\t\t\t\t\t\t<div class=\"elementor-inner\">\n\t\t\t\t<div class=\"elementor-section-wrap\">\n\t\t\t\t\t\t\t\t\t<section class=\"elementor-section elementor-top-section elementor-element elementor-element-87e201a elementor-section-full_width elementor-section-stretched elementor-section-height-default elementor-section-height-default\" data-id=\"87e201a\" data-element_type=\"section\" data-settings=\"{&quot;stretch_section&quot;:&quot;section-stretched&quot;}\">\n\t\t\t\t\t\t<div class=\"elementor-container elementor-column-gap-default\">\n\t\t\t\t\t\t\t<div class=\"elementor-row\">\n\t\t\t\t\t<div class=\"elementor-column elementor-col-100 elementor-top-column elementor-element elementor-element-b6fb4ef\" data-id=\"b6fb4ef\" data-element_type=\"column\">\n\t\t\t<div class=\"elementor-column-wrap elementor-element-populated\">\n\t\t\t\t\t\t\t<div class=\"elementor-widget-wrap\">\n\t\t\t\t\t\t<div class=\"elementor-element elementor-element-faf6419 elementor-widget elementor-widget-image\" data-id=\"faf6419\" data-element_type=\"widget\" data-widget_type=\"image.default\">\n\t\t\t\t<div class=\"elementor-widget-container\">\n\t\t\t\t\t\t\t\t<div class=\"elementor-image\">\n\t\t\t\t\t\t\t\t\t\t\t\t<img width=\"2048\" height=\"1008\" src=\"https:\/\/zirenamusic.com\/wp-content\/uploads\/2020\/08\/IMG_2154-scaled-e1635175370698-2048x1008.jpg\" class=\"attachment-2048x2048 size-2048x2048 wp-image-12\" alt=\"\" loading=\"lazy\" srcset=\"https:\/\/zirenamusic.com\/wp-content\/uploads\/2020\/08\/IMG_2154-scaled-e1635175370698-2048x1008.jpg 2048w, https:\/\/zirenamusic.com\/wp-content\/uploads\/2020\/08\/IMG_2154-scaled-e1635175370698-300x148.jpg 300w, https:\/\/zirenamusic.com\/wp-content\/uploads\/2020\/08\/IMG_2154-scaled-e1635175370698-1024x504.jpg 1024w, https:\/\/zirenamusic.com\/wp-content\/uploads\/2020\/08\/IMG_2154-scaled-e1635175370698-768x378.jpg 768w, https:\/\/zirenamusic.com\/wp-content\/uploads\/2020\/08\/IMG_2154-scaled-e1635175370698-1536x756.jpg 1536w, https:\/\/zirenamusic.com\/wp-content\/uploads\/2020\/08\/IMG_2154-scaled-e1635175370698-228x112.jpg 228w, https:\/\/zirenamusic.com\/wp-content\/uploads\/2020\/08\/IMG_2154-scaled-e1635175370698-18x9.jpg 18w\" sizes=\"(max-width: 2048px) 100vw, 2048px\" \/>\t\t\t\t\t\t\t\t\t\t\t\t\t\t<\/div>\n\t\t\t\t\t\t<\/div>\n\t\t\t\t<\/div>\n\t\t\t\t\t\t<\/div>\n\t\t\t\t\t<\/div>\n\t\t<\/div>\n\t\t\t\t\t\t\t\t<\/div>\n\t\t\t\t\t<\/div>\n\t\t<\/section>\n\t\t\t\t<section class=\"elementor-section elementor-top-section elementor-element elementor-element-353c9ea elementor-section-full_width elementor-section-stretched animated-slow elementor-section-height-default elementor-section-height-default elementor-invisible\" data-id=\"353c9ea\" data-element_type=\"section\" data-settings=\"{&quot;stretch_section&quot;:&quot;section-stretched&quot;,&quot;animation&quot;:&quot;fadeIn&quot;,&quot;animation_delay&quot;:100}\">\n\t\t\t\t\t\t<div class=\"elementor-container elementor-column-gap-default\">\n\t\t\t\t\t\t\t<div class=\"elementor-row\">\n\t\t\t\t\t<div class=\"elementor-column elementor-col-50 elementor-top-column elementor-element elementor-element-bdd2193\" data-id=\"bdd2193\" data-element_type=\"column\">\n\t\t\t<div class=\"elementor-column-wrap elementor-element-populated\">\n\t\t\t\t\t\t\t<div class=\"elementor-widget-wrap\">\n\t\t\t\t\t\t<div class=\"elementor-element elementor-element-6874af7 elementor-widget elementor-widget-text-editor\" data-id=\"6874af7\" data-element_type=\"widget\" data-widget_type=\"text-editor.default\">\n\t\t\t\t<div class=\"elementor-widget-container\">\n\t\t\t\t\t\t\t\t<div class=\"elementor-text-editor elementor-clearfix\">\n\t\t\t\t<p>Zirena es una cantautora ecl\u00e9ctica de ra\u00edces n\u00f3rdicas y alma mediterr\u00e1nea (Dinamarca-Barcelona).<\/p><p>Canciones mel\u00f3dicas y conmovedoras en varias lenguas con base suave de piano improvisado reflejan las experiencias personales de Zirena.<\/p><p>Bienvenidos a un blog y p\u00e1gina muy personales. No dudes en suscribirte a mi bolet\u00edn que contiene s\u00f3lo contenido relevante o contactarme en zirena@zirenamusic.com<\/p>\t\t\t\t\t<\/div>\n\t\t\t\t\t\t<\/div>\n\t\t\t\t<\/div>\n\t\t\t\t\t\t<\/div>\n\t\t\t\t\t<\/div>\n\t\t<\/div>\n\t\t\t\t<div class=\"elementor-column elementor-col-50 elementor-top-column elementor-element elementor-element-30d41c7\" data-id=\"30d41c7\" data-element_type=\"column\">\n\t\t\t<div class=\"elementor-column-wrap elementor-element-populated\">\n\t\t\t\t\t\t\t<div class=\"elementor-widget-wrap\">\n\t\t\t\t\t\t<div class=\"elementor-element elementor-element-ffa5689 animated-slow elementor-widget__width-inherit elementor-invisible elementor-widget elementor-widget-audio\" data-id=\"ffa5689\" data-element_type=\"widget\" data-settings=\"{&quot;_animation&quot;:&quot;fadeIn&quot;,&quot;_animation_delay&quot;:100}\" data-widget_type=\"audio.default\">\n\t\t\t\t<div class=\"elementor-widget-container\">\n\t\t\t\t\t\t<div class=\"elementor-soundcloud-wrapper\">\n\t\t\t\t<iframe loading=\"lazy\" width=\"843\" height=\"450\" frameborder=\"no\" src=\"https:\/\/w.soundcloud.com\/player\/?visual=true&#038;url=https%3A%2F%2Fapi.soundcloud.com%2Fplaylists%2F9610163&#038;show_artwork=false&#038;maxheight=1000&#038;maxwidth=843&#038;auto_play=false&#038;buying=false&#038;liking=true&#038;download=false&#038;sharing=true&#038;show_comments=false&#038;show_playcount=false&#038;show_user=true&#038;color\"><\/iframe>\t\t\t<\/div>\n\t\t\t\t\t<\/div>\n\t\t\t\t<\/div>\n\t\t\t\t\t\t<\/div>\n\t\t\t\t\t<\/div>\n\t\t<\/div>\n\t\t\t\t\t\t\t\t<\/div>\n\t\t\t\t\t<\/div>\n\t\t<\/section>\n\t\t\t\t\t\t\t\t\t<\/div>\n\t\t\t<\/div>\n\t\t\t\t\t<\/div>","protected":false},"excerpt":{"rendered":"<p>Zirena is an eclectic pop singer\/songwriter with Nordic roots and a Mediterranean soul (Denmark-Barcelona). Melodic and soulful songs in various languages set up against a&hellip;<\/p>","protected":false},"author":1,"featured_media":0,"parent":0,"menu_order":0,"comment_status":"closed","ping_status":"closed","template":"","meta":{"_monsterinsights_skip_tracking":false,"_monsterinsights_sitenote_active":false,"_monsterinsights_sitenote_note":"","_monsterinsights_sitenote_category":0,"spay_email":""},"_links":{"self":[{"href":"https:\/\/zirenamusic.com\/es\/wp-json\/wp\/v2\/pages\/8"}],"collection":[{"href":"https:\/\/zirenamusic.com\/es\/wp-json\/wp\/v2\/pages"}],"about":[{"href":"https:\/\/zirenamusic.com\/es\/wp-json\/wp\/v2\/types\/page"}],"author":[{"embeddable":true,"href":"https:\/\/zirenamusic.com\/es\/wp-json\/wp\/v2\/users\/1"}],"replies":[{"embeddable":true,"href":"https:\/\/zirenamusic.com\/es\/wp-json\/wp\/v2\/comments?post=8"}],"version-history":[{"count":52,"href":"https:\/\/zirenamusic.com\/es\/wp-json\/wp\/v2\/pages\/8\/revisions"}],"predecessor-version":[{"id":236,"href":"https:\/\/zirenamusic.com\/es\/wp-json\/wp\/v2\/pages\/8\/revisions\/236"}],"wp:attachment":[{"href":"https:\/\/zirenamusic.com\/es\/wp-json\/wp\/v2\/media?parent=8"}],"curies":[{"name":"wp","href":"https:\/\/api.w.org\/{rel}","templated":true}]}}